{"id":17825,"date":"2022-06-17T11:43:44","date_gmt":"2022-06-17T17:43:44","guid":{"rendered":"https:\/\/pcs.negociosonline.net\/?page_id=17825"},"modified":"2024-04-24T11:11:12","modified_gmt":"2024-04-24T17:11:12","slug":"contactenos","status":"publish","type":"page","link":"https:\/\/pcs.negociosonline.net\/en\/contactenos\/","title":{"rendered":"Cont\u00e1ctenos"},"content":{"rendered":"\t\t<div data-elementor-type=\"wp-page\" data-elementor-id=\"17825\" class=\"elementor elementor-17825 elementor-4770\" data-elementor-post-type=\"page\">\n\t\t\t\t<div class=\"elementor-element elementor-element-fe1c344 e-flex e-con-boxed e-con e-parent\" data-id=\"fe1c344\" data-element_type=\"container\">\n\t\t\t\t\t<div class=\"e-con-inner\">\n\t\t<div class=\"elementor-element elementor-element-4d19b43 e-con-full e-flex e-con e-child\" data-id=\"4d19b43\" data-element_type=\"container\" data-settings=\"{&quot;background_background&quot;:&quot;classic&quot;}\">\n\t\t\t\t<div class=\"elementor-element elementor-element-cd9f6af prt-align-left elementor-widget elementor-widget-tm_heading\" data-id=\"cd9f6af\" data-element_type=\"widget\" data-widget_type=\"tm_heading.default\">\n\t\t\t\t<div class=\"elementor-widget-container\">\n\t\t\t<div class=\"prt-element-heading-content-wrapper left-align  prt-seperator-none  prt-heading-style-vertical \"><div class=\"prt-content-header\"><h2 class=\"prt-element-content-heading\">\n\t\t\t\tIngresa tus datos y consulta.<strong><\/strong> \n\t\t\t<\/h2>\n\t\t<\/div><\/div>\t\t<\/div>\n\t\t\t\t<\/div>\n\t\t\t\t<div class=\"elementor-element elementor-element-96f3c82 elementor-widget elementor-widget-text-editor\" data-id=\"96f3c82\" data-element_type=\"widget\" data-widget_type=\"text-editor.default\">\n\t\t\t\t<div class=\"elementor-widget-container\">\n\t\t\t<style>\/*! elementor - v3.22.0 - 17-06-2024 *\/\n.elementor-widget-text-editor.elementor-drop-cap-view-stacked .elementor-drop-cap{background-color:#69727d;color:#fff}.elementor-widget-text-editor.elementor-drop-cap-view-framed .elementor-drop-cap{color:#69727d;border:3px solid;background-color:transparent}.elementor-widget-text-editor:not(.elementor-drop-cap-view-default) .elementor-drop-cap{margin-top:8px}.elementor-widget-text-editor:not(.elementor-drop-cap-view-default) .elementor-drop-cap-letter{width:1em;height:1em}.elementor-widget-text-editor .elementor-drop-cap{float:left;text-align:center;line-height:1;font-size:50px}.elementor-widget-text-editor .elementor-drop-cap-letter{display:inline-block}<\/style>\t\t\t\t<p>\n<div class=\"wpcf7 no-js\" id=\"wpcf7-f1300-o1\" lang=\"es-ES\" dir=\"ltr\">\n<div class=\"screen-reader-response\"><p role=\"status\" aria-live=\"polite\" aria-atomic=\"true\"><\/p> <ul><\/ul><\/div>\n<form action=\"\/en\/wp-json\/wp\/v2\/pages\/17825#wpcf7-f1300-o1\" method=\"post\" class=\"wpcf7-form init\" aria-label=\"Formulario de contacto\" novalidate=\"novalidate\" data-status=\"init\">\n<div style=\"display: none;\">\n<input type=\"hidden\" name=\"_wpcf7\" value=\"1300\" \/>\n<input type=\"hidden\" name=\"_wpcf7_version\" value=\"5.9.6\" \/>\n<input type=\"hidden\" name=\"_wpcf7_locale\" value=\"es_ES\" \/>\n<input type=\"hidden\" name=\"_wpcf7_unit_tag\" value=\"wpcf7-f1300-o1\" \/>\n<input type=\"hidden\" name=\"_wpcf7_container_post\" value=\"0\" \/>\n<input type=\"hidden\" name=\"_wpcf7_posted_data_hash\" value=\"\" \/>\n<\/div>\n<div class=\"prt-commonform prt-contactform-01\">\n\t<div class=\"row\">\n\t\t<div class=\"col-md-12\">\n\t\t\t<p><span class=\"wpcf7-form-control-wrap\" data-name=\"your-name\"><input size=\"40\" maxlength=\"80\" class=\"wpcf7-form-control wpcf7-text wpcf7-validates-as-required\" aria-required=\"true\" aria-invalid=\"false\" placeholder=\"Nombre completo\" value=\"\" type=\"text\" name=\"your-name\" \/><\/span>\n\t\t\t<\/p>\n\t\t<\/div>\n\t<\/div>\n\t<div class=\"row\">\n\t\t<div class=\"col-md-12\">\n\t\t\t<p><span class=\"wpcf7-form-control-wrap\" data-name=\"your-email\"><input size=\"40\" maxlength=\"80\" class=\"wpcf7-form-control wpcf7-email wpcf7-validates-as-required wpcf7-text wpcf7-validates-as-email\" aria-required=\"true\" aria-invalid=\"false\" placeholder=\"Correo electr\u00f3nico\" value=\"\" type=\"email\" name=\"your-email\" \/><\/span>\n\t\t\t<\/p>\n\t\t<\/div>\n\t<\/div>\n\t<div class=\"row\">\n\t\t<div class=\"col-md-12\">\n\t\t\t<div class=\"field-group\">\n\t\t\t\t<p><span class=\"wpcf7-form-control-wrap\" data-name=\"subjectmenu\"><select class=\"wpcf7-form-control wpcf7-select wpcf7-validates-as-required form-control\" id=\"subject\" aria-required=\"true\" aria-invalid=\"false\" name=\"subjectmenu\"><option value=\"\u00c1rea de Negocio\">\u00c1rea de Negocio<\/option><option value=\"Fotovoltaico\">Fotovoltaico<\/option><option value=\"Generadores\">Generadores<\/option><option value=\"Mantenimiento El\u00e9ctrico\">Mantenimiento El\u00e9ctrico<\/option><option value=\"Aire Acondicionado\">Aire Acondicionado<\/option><option value=\"Red de Distribuci\u00f3n\">Red de Distribuci\u00f3n<\/option><option value=\"Instalaciones El\u00e9ctricas Interna\">Instalaciones El\u00e9ctricas Interna<\/option><\/select><\/span>\n\t\t\t\t<\/p>\n\t\t\t<\/div>\n\t\t<\/div>\n\t<\/div>\n\t<div class=\"row\">\n\t\t<div class=\"col-md-12\">\n\t\t\t<div class=\"field-group1\">\n\t\t\t\t<p><span class=\"wpcf7-form-control-wrap\" data-name=\"your-message\"><textarea cols=\"20\" rows=\"4\" maxlength=\"400\" class=\"wpcf7-form-control wpcf7-textarea wpcf7-validates-as-required\" aria-required=\"true\" aria-invalid=\"false\" placeholder=\"Mensaje\" name=\"your-message\"><\/textarea><\/span>\n\t\t\t\t<\/p>\n\t\t\t<\/div>\n\t\t<\/div>\n\t<\/div>\n\t<div class=\"prt-contact-btn prt-btn-style-flat prt-btn-color-skincolor\">\n\t\t<p><input class=\"wpcf7-form-control wpcf7-submit has-spinner elementor-button-link elementor-button elementor-size-md\" type=\"submit\" value=\"Enviar\" \/>\n\t\t<\/p>\n\t<\/div>\n<\/div><div class=\"wpcf7-response-output\" aria-hidden=\"true\"><\/div>\n<\/form>\n<\/div>\n<\/p>\t\t\t\t\t\t<\/div>\n\t\t\t\t<\/div>\n\t\t\t\t<\/div>\n\t\t<div class=\"elementor-element elementor-element-f830434 e-flex e-con-boxed e-con e-child\" data-id=\"f830434\" data-element_type=\"container\">\n\t\t\t\t\t<div class=\"e-con-inner\">\n\t\t<div class=\"elementor-element elementor-element-3d54728 e-con-full e-flex e-con e-child\" data-id=\"3d54728\" data-element_type=\"container\">\n\t\t\t\t<div class=\"elementor-element elementor-element-adcef2f elementor-widget elementor-widget-tm_icon_heading\" data-id=\"adcef2f\" data-element_type=\"widget\" data-widget_type=\"tm_icon_heading.default\">\n\t\t\t\t<div class=\"elementor-widget-container\">\n\t\t\t\n<div class=\"preyantechnosys-iconbox preyantechnosys-iconbox-styleseven preyantechnosys-iconcolor-skincolor\">\n<div class=\"preyantechnosys-iconbox-inner\">\n\t\t<div class=\"prt-iconbox-wrapper\">\n\t\t\t<div class=\"preyantechnosys-iconbox-icon\">\n\t\t\t<div class=\"prt-box-icon\"><i class=\"kw_flyogo flaticon-email-1\"><\/i><\/div>\t\t\t<\/div>\n\t\t\t<div class=\"preyantechnosys-iconbox-heading\">\n\t\t\t\t<h2 class=\"prt-custom-heading\">\n\t\t\t\t\t\n\t\t\t\t\t\tCorreo electr\u00f3nico\n\t\t\t\t\t\n\t\t\t\t\t<\/h2>\n\t\t\t\t\t\t\t\t\t\t\t\t<div class=\"prt-cta3-content-wrapper\"><a href=\"mailto:ventas@pcs-hn.com\">ventas@pcs-hn.com <\/a><\/div>\t\t\t\t<div class=\"preyantechnosys-serviceboxbox-readmore\">\n\t\t\t\t\t\t\t\t\t<\/div>\n\t\t\t\t\t\t\t<\/div>\t\n\t\t<\/div>\n\t<\/div>\t\n\n<\/div>\n\t\t<\/div>\n\t\t\t\t<\/div>\n\t\t\t\t<\/div>\n\t\t<div class=\"elementor-element elementor-element-d8caebb e-con-full e-flex e-con e-child\" data-id=\"d8caebb\" data-element_type=\"container\">\n\t\t\t\t<div class=\"elementor-element elementor-element-8686207 elementor-widget elementor-widget-tm_icon_heading\" data-id=\"8686207\" data-element_type=\"widget\" data-widget_type=\"tm_icon_heading.default\">\n\t\t\t\t<div class=\"elementor-widget-container\">\n\t\t\t\n<div class=\"preyantechnosys-iconbox preyantechnosys-iconbox-styleseven preyantechnosys-iconcolor-skincolor\">\n<div class=\"preyantechnosys-iconbox-inner\">\n\t\t<div class=\"prt-iconbox-wrapper\">\n\t\t\t<div class=\"preyantechnosys-iconbox-icon\">\n\t\t\t<div class=\"prt-box-icon\"><i class=\"kw_flyogo flaticon-clock\"><\/i><\/div>\t\t\t<\/div>\n\t\t\t<div class=\"preyantechnosys-iconbox-heading\">\n\t\t\t\t<h2 class=\"prt-custom-heading\">\n\t\t\t\t\t\n\t\t\t\t\t\tHorario\n\t\t\t\t\t\n\t\t\t\t\t<\/h2>\n\t\t\t\t\t\t\t\t\t\t\t\t<div class=\"prt-cta3-content-wrapper\">Lunes-S\u00e1bado: 08.00 to 05.00<\/div>\t\t\t\t<div class=\"preyantechnosys-serviceboxbox-readmore\">\n\t\t\t\t\t\t\t\t\t<\/div>\n\t\t\t\t\t\t\t<\/div>\t\n\t\t<\/div>\n\t<\/div>\t\n\n<\/div>\n\t\t<\/div>\n\t\t\t\t<\/div>\n\t\t\t\t<\/div>\n\t\t<div class=\"elementor-element elementor-element-e5a5d6a e-con-full e-flex e-con e-child\" data-id=\"e5a5d6a\" data-element_type=\"container\">\n\t\t\t\t<div class=\"elementor-element elementor-element-442de93 elementor-widget elementor-widget-tm_icon_heading\" data-id=\"442de93\" data-element_type=\"widget\" data-widget_type=\"tm_icon_heading.default\">\n\t\t\t\t<div class=\"elementor-widget-container\">\n\t\t\t\n<div class=\"preyantechnosys-iconbox preyantechnosys-iconbox-styleseven preyantechnosys-iconcolor-skincolor\">\n<div class=\"preyantechnosys-iconbox-inner\">\n\t\t<div class=\"prt-iconbox-wrapper\">\n\t\t\t<div class=\"preyantechnosys-iconbox-icon\">\n\t\t\t<div class=\"prt-box-icon\"><i class=\"kw_flyogo flaticon-phone-call\"><\/i><\/div>\t\t\t<\/div>\n\t\t\t<div class=\"preyantechnosys-iconbox-heading\">\n\t\t\t\t<h2 class=\"prt-custom-heading\">\n\t\t\t\t\t\n\t\t\t\t\t\tLl\u00e1manos\n\t\t\t\t\t\n\t\t\t\t\t<\/h2>\n\t\t\t\t\t\t\t\t\t\t\t\t<div class=\"prt-cta3-content-wrapper\"><a href=\"tel:+504-95030432\">+504 9503-0432 <\/a><\/div>\t\t\t\t<div class=\"preyantechnosys-serviceboxbox-readmore\">\n\t\t\t\t\t\t\t\t\t<\/div>\n\t\t\t\t\t\t\t<\/div>\t\n\t\t<\/div>\n\t<\/div>\t\n\n<\/div>\n\t\t<\/div>\n\t\t\t\t<\/div>\n\t\t\t\t<\/div>\n\t\t<div class=\"elementor-element elementor-element-daee2d8 e-con-full e-flex e-con e-child\" data-id=\"daee2d8\" data-element_type=\"container\">\n\t\t\t\t<div class=\"elementor-element elementor-element-515178f elementor-widget elementor-widget-tm_icon_heading\" data-id=\"515178f\" data-element_type=\"widget\" data-widget_type=\"tm_icon_heading.default\">\n\t\t\t\t<div class=\"elementor-widget-container\">\n\t\t\t\n<div class=\"preyantechnosys-iconbox preyantechnosys-iconbox-styleseven preyantechnosys-iconcolor-skincolor\">\n<div class=\"preyantechnosys-iconbox-inner\">\n\t\t<div class=\"prt-iconbox-wrapper\">\n\t\t\t<div class=\"preyantechnosys-iconbox-icon\">\n\t\t\t<div class=\"prt-box-icon\"><i class=\"kw_flyogo flaticon-share\"><\/i><\/div>\t\t\t<\/div>\n\t\t\t<div class=\"preyantechnosys-iconbox-heading\">\n\t\t\t\t<h2 class=\"prt-custom-heading\">\n\t\t\t\t\t\n\t\t\t\t\t\tCompartir\n\t\t\t\t\t\n\t\t\t\t\t<\/h2>\n\t\t\t\t\t\t\t\t\t\t\t\t<div class=\"prt-cta3-content-wrapper\"><a href=\"https:\/\/www.linkedin.com\/company\/potencia-controles-y-sistemas-pcs\/\">LinkedIn <\/a>\n<a href=\"https:\/\/www.facebook.com\/potenciacontrolesysistemas\/\">Facebook<\/a>\n\n<a href=\"https:\/\/www.instagram.com\/pcshonduras\/\">Instagram<\/a>\n<\/div>\t\t\t\t<div class=\"preyantechnosys-serviceboxbox-readmore\">\n\t\t\t\t\t\t\t\t\t<\/div>\n\t\t\t\t\t\t\t<\/div>\t\n\t\t<\/div>\n\t<\/div>\t\n\n<\/div>\n\t\t<\/div>\n\t\t\t\t<\/div>\n\t\t\t\t<\/div>\n\t\t\t\t\t<\/div>\n\t\t\t\t<\/div>\n\t\t\t\t\t<\/div>\n\t\t\t\t<\/div>\n\t\t\t\t<\/div>\n\t\t","protected":false},"excerpt":{"rendered":"<p>Ingresa tus datos y consulta. Correo electr\u00f3nico ventas@pcs-hn.com Horario Lunes-S\u00e1bado: 08.00 to 05.00 Ll\u00e1manos +504 9503-0432 Compartir LinkedIn Facebook Instagram<\/p>\n","protected":false},"author":1,"featured_media":0,"parent":0,"menu_order":0,"comment_status":"closed","ping_status":"closed","template":"elementor_header_footer","meta":{"footnotes":""},"class_list":["post-17825","page","type-page","status-publish","hentry"],"_links":{"self":[{"href":"https:\/\/pcs.negociosonline.net\/en\/wp-json\/wp\/v2\/pages\/17825","targetHints":{"allow":["GET"]}}],"collection":[{"href":"https:\/\/pcs.negociosonline.net\/en\/wp-json\/wp\/v2\/pages"}],"about":[{"href":"https:\/\/pcs.negociosonline.net\/en\/wp-json\/wp\/v2\/types\/page"}],"author":[{"embeddable":true,"href":"https:\/\/pcs.negociosonline.net\/en\/wp-json\/wp\/v2\/users\/1"}],"replies":[{"embeddable":true,"href":"https:\/\/pcs.negociosonline.net\/en\/wp-json\/wp\/v2\/comments?post=17825"}],"version-history":[{"count":50,"href":"https:\/\/pcs.negociosonline.net\/en\/wp-json\/wp\/v2\/pages\/17825\/revisions"}],"predecessor-version":[{"id":17981,"href":"https:\/\/pcs.negociosonline.net\/en\/wp-json\/wp\/v2\/pages\/17825\/revisions\/17981"}],"wp:attachment":[{"href":"https:\/\/pcs.negociosonline.net\/en\/wp-json\/wp\/v2\/media?parent=17825"}],"curies":[{"name":"wp","href":"https:\/\/api.w.org\/{rel}","templated":true}]}}